{"id":2085,"date":"2025-01-09T15:04:19","date_gmt":"2025-01-09T14:04:19","guid":{"rendered":"https:\/\/easyradiology.de\/imprint\/"},"modified":"2025-02-11T08:15:11","modified_gmt":"2025-02-11T07:15:11","slug":"site-notice","status":"publish","type":"page","link":"https:\/\/easyradiology.de\/en\/site-notice\/","title":{"rendered":"Site Notice"},"content":{"rendered":"\n<div class=\"wp-block-group padding-5-left\"><div class=\"wp-block-group__inner-container is-layout-constrained wp-block-group-is-layout-constrained\">\n<h1 class=\"wp-block-heading\">Site Notice<\/h1>\n\n\n\n<p>easyRadiology AG<br>Gleueler Str. 245-249<br>50935 K\u00f6ln<\/p>\n\n\n\n<p>Commercial Register: HRB 111886<br>Registration court: Amtsgericht K\u00f6ln<\/p>\n\n\n\n<p><strong>Represented by:<\/strong><br>Claudia M\u00fchrer (CEO)<br>PD Dr. med. Martin Weihrauch (CMO)<br>Dr. med. Michael Herbrik (COO)<br>Peter Lucks (CRO)<\/p>\n\n\n\n<p><strong>Chairman, supervisory board:<\/strong><br>Paul-Stephan Sch\u00fctte<\/p>\n\n\n\n<h2 class=\"wp-block-heading\">Contact<\/h2>\n\n\n\n<p>Phone: +49 (0)221 29214450<br>E-mail: info@easyradiology.net<\/p>\n\n\n\n<h2 class=\"wp-block-heading\">VAT ID<\/h2>\n\n\n\n<p>Sales tax identification number according to Sect. 27 a of the Sales Tax Law:<br>DE 27 445 22 09<\/p>\n\n\n\n<h2 class=\"wp-block-heading\">Person responsible for editorial<\/h2>\n\n\n\n<p>Claudia M\u00fchrer<br>easyRadiology AG<br>Gleueler Stra\u00dfe 245-249<br>50935 K\u00f6ln<br>Deutschland<\/p>\n\n\n\n<h2 class=\"wp-block-heading\">EU dispute resolution<\/h2>\n\n\n\n<p>The European Commission provides a platform for online dispute resolution (ODR): <a href=\"https:\/\/ec.europa.eu\/consumers\/odr\/\" target=\"_blank\" rel=\"noreferrer noopener\">https:\/\/ec.europa.eu\/consumers\/odr\/<\/a>.<br>Our e-mail address can be found above in the site notice.<\/p>\n\n\n\n<h2 class=\"wp-block-heading\">Dispute resolution proceedings in front of a consumer arbitration board<\/h2>\n\n\n\n<p>We are not willing or obliged to participate in dispute resolution proceedings in front of a consumer arbitration board.<\/p>\n\n\n\n<p><\/p>\n\n\n\n<h2 class=\"wp-block-heading\">Sources for the images and graphics used:<\/h2>\n\n\n\n<p>This website uses images from Adobe Stock (https:\/\/stock.adobe.com) as well as our own images.<\/p>\n\n\n\n<h2 class=\"wp-block-heading\">Realization of the website<\/h2>\n\n\n\n<p><a href=\"http:\/\/www.netschmiede24.de\" target=\"_blank\" rel=\"noreferrer noopener\">netSchmiede24<\/a><\/p>\n<\/div><\/div>\n","protected":false},"excerpt":{"rendered":"<p>Site Notice easyRadiology AGGleueler Str. 245-24950935 K\u00f6ln Commercial Register: HRB 111886Registration court: Amtsgericht K\u00f6ln Represented by:Claudia M\u00fchrer (CEO)PD Dr. med. Martin Weihrauch (CMO)Dr. med. Michael Herbrik (COO)Peter Lucks (CRO) Chairman, supervisory board:Paul-Stephan Sch\u00fctte Contact Phone: +49 (0)221 29214450E-mail: info@easyradiology.net VAT ID Sales tax identification number according to Sect. 27 a of the Sales Tax Law:DE [&hellip;]<\/p>\n","protected":false},"author":6,"featured_media":0,"parent":0,"menu_order":0,"comment_status":"closed","ping_status":"open","template":"","meta":{"inline_featured_image":false,"footnotes":""},"class_list":["post-2085","page","type-page","status-publish","hentry","post"],"yoast_head":"<!-- This site is optimized with the Yoast SEO plugin v27.5 - https:\/\/yoast.com\/product\/yoast-seo-wordpress\/ -->\n<title>Site Notice - easyRadiology AG<\/title>\n<meta name=\"description\" content=\"Site Notice easyRadiology AGGleueler Str. 245-24950935 K\u00f6ln Commercial Register: HRB 111886Registration court: Amtsgericht K\u00f6ln Represented by:Claudia\" \/>\n<meta name=\"robots\" content=\"index, follow, max-snippet:-1, max-image-preview:large, max-video-preview:-1\" \/>\n<link rel=\"canonical\" href=\"https:\/\/easyradiology.de\/en\/site-notice\/\" \/>\n<meta property=\"og:locale\" content=\"en_US\" \/>\n<meta property=\"og:type\" content=\"article\" \/>\n<meta property=\"og:title\" content=\"Site Notice - easyRadiology AG\" \/>\n<meta property=\"og:description\" content=\"Site Notice easyRadiology AGGleueler Str. 245-24950935 K\u00f6ln Commercial Register: HRB 111886Registration court: Amtsgericht K\u00f6ln Represented by:Claudia\" \/>\n<meta property=\"og:url\" content=\"https:\/\/easyradiology.de\/en\/site-notice\/\" \/>\n<meta property=\"og:site_name\" content=\"easyRadiology AG\" \/>\n<meta property=\"article:modified_time\" content=\"2025-02-11T07:15:11+00:00\" \/>\n<meta name=\"twitter:card\" content=\"summary_large_image\" \/>\n<meta name=\"twitter:label1\" content=\"Est. reading time\" \/>\n\t<meta name=\"twitter:data1\" content=\"1 minute\" \/>\n<script type=\"application\/ld+json\" class=\"yoast-schema-graph\">{\"@context\":\"https:\\\/\\\/schema.org\",\"@graph\":[{\"@type\":\"WebPage\",\"@id\":\"https:\\\/\\\/easyradiology.de\\\/en\\\/site-notice\\\/\",\"url\":\"https:\\\/\\\/easyradiology.de\\\/en\\\/site-notice\\\/\",\"name\":\"Site Notice - easyRadiology AG\",\"isPartOf\":{\"@id\":\"https:\\\/\\\/easyradiology.de\\\/en\\\/#website\"},\"datePublished\":\"2025-01-09T14:04:19+00:00\",\"dateModified\":\"2025-02-11T07:15:11+00:00\",\"description\":\"Site Notice easyRadiology AGGleueler Str. 245-24950935 K\u00f6ln Commercial Register: HRB 111886Registration court: Amtsgericht K\u00f6ln Represented by:Claudia\",\"breadcrumb\":{\"@id\":\"https:\\\/\\\/easyradiology.de\\\/en\\\/site-notice\\\/#breadcrumb\"},\"inLanguage\":\"en-US\",\"potentialAction\":[{\"@type\":\"ReadAction\",\"target\":[\"https:\\\/\\\/easyradiology.de\\\/en\\\/site-notice\\\/\"]}]},{\"@type\":\"BreadcrumbList\",\"@id\":\"https:\\\/\\\/easyradiology.de\\\/en\\\/site-notice\\\/#breadcrumb\",\"itemListElement\":[{\"@type\":\"ListItem\",\"position\":1,\"name\":\"Startseite\",\"item\":\"https:\\\/\\\/easyradiology.de\\\/en\\\/\"},{\"@type\":\"ListItem\",\"position\":2,\"name\":\"Site Notice\"}]},{\"@type\":\"WebSite\",\"@id\":\"https:\\\/\\\/easyradiology.de\\\/en\\\/#website\",\"url\":\"https:\\\/\\\/easyradiology.de\\\/en\\\/\",\"name\":\"easyRadiology AG\",\"description\":\"\",\"publisher\":{\"@id\":\"https:\\\/\\\/easyradiology.de\\\/en\\\/#organization\"},\"potentialAction\":[{\"@type\":\"SearchAction\",\"target\":{\"@type\":\"EntryPoint\",\"urlTemplate\":\"https:\\\/\\\/easyradiology.de\\\/en\\\/?s={search_term_string}\"},\"query-input\":{\"@type\":\"PropertyValueSpecification\",\"valueRequired\":true,\"valueName\":\"search_term_string\"}}],\"inLanguage\":\"en-US\"},{\"@type\":\"Organization\",\"@id\":\"https:\\\/\\\/easyradiology.de\\\/en\\\/#organization\",\"name\":\"easyRadiology AG\",\"url\":\"https:\\\/\\\/easyradiology.de\\\/en\\\/\",\"logo\":{\"@type\":\"ImageObject\",\"inLanguage\":\"en-US\",\"@id\":\"https:\\\/\\\/easyradiology.de\\\/en\\\/#\\\/schema\\\/logo\\\/image\\\/\",\"url\":\"https:\\\/\\\/easyradiology.de\\\/wp-content\\\/uploads\\\/2025\\\/01\\\/easyradiology-logo-klein.svg\",\"contentUrl\":\"https:\\\/\\\/easyradiology.de\\\/wp-content\\\/uploads\\\/2025\\\/01\\\/easyradiology-logo-klein.svg\",\"width\":280,\"height\":68,\"caption\":\"easyRadiology AG\"},\"image\":{\"@id\":\"https:\\\/\\\/easyradiology.de\\\/en\\\/#\\\/schema\\\/logo\\\/image\\\/\"}}]}<\/script>\n<!-- \/ Yoast SEO plugin. -->","yoast_head_json":{"title":"Site Notice - easyRadiology AG","description":"Site Notice easyRadiology AGGleueler Str. 245-24950935 K\u00f6ln Commercial Register: HRB 111886Registration court: Amtsgericht K\u00f6ln Represented by:Claudia","robots":{"index":"index","follow":"follow","max-snippet":"max-snippet:-1","max-image-preview":"max-image-preview:large","max-video-preview":"max-video-preview:-1"},"canonical":"https:\/\/easyradiology.de\/en\/site-notice\/","og_locale":"en_US","og_type":"article","og_title":"Site Notice - easyRadiology AG","og_description":"Site Notice easyRadiology AGGleueler Str. 245-24950935 K\u00f6ln Commercial Register: HRB 111886Registration court: Amtsgericht K\u00f6ln Represented by:Claudia","og_url":"https:\/\/easyradiology.de\/en\/site-notice\/","og_site_name":"easyRadiology AG","article_modified_time":"2025-02-11T07:15:11+00:00","twitter_card":"summary_large_image","twitter_misc":{"Est. reading time":"1 minute"},"schema":{"@context":"https:\/\/schema.org","@graph":[{"@type":"WebPage","@id":"https:\/\/easyradiology.de\/en\/site-notice\/","url":"https:\/\/easyradiology.de\/en\/site-notice\/","name":"Site Notice - easyRadiology AG","isPartOf":{"@id":"https:\/\/easyradiology.de\/en\/#website"},"datePublished":"2025-01-09T14:04:19+00:00","dateModified":"2025-02-11T07:15:11+00:00","description":"Site Notice easyRadiology AGGleueler Str. 245-24950935 K\u00f6ln Commercial Register: HRB 111886Registration court: Amtsgericht K\u00f6ln Represented by:Claudia","breadcrumb":{"@id":"https:\/\/easyradiology.de\/en\/site-notice\/#breadcrumb"},"inLanguage":"en-US","potentialAction":[{"@type":"ReadAction","target":["https:\/\/easyradiology.de\/en\/site-notice\/"]}]},{"@type":"BreadcrumbList","@id":"https:\/\/easyradiology.de\/en\/site-notice\/#breadcrumb","itemListElement":[{"@type":"ListItem","position":1,"name":"Startseite","item":"https:\/\/easyradiology.de\/en\/"},{"@type":"ListItem","position":2,"name":"Site Notice"}]},{"@type":"WebSite","@id":"https:\/\/easyradiology.de\/en\/#website","url":"https:\/\/easyradiology.de\/en\/","name":"easyRadiology AG","description":"","publisher":{"@id":"https:\/\/easyradiology.de\/en\/#organization"},"potentialAction":[{"@type":"SearchAction","target":{"@type":"EntryPoint","urlTemplate":"https:\/\/easyradiology.de\/en\/?s={search_term_string}"},"query-input":{"@type":"PropertyValueSpecification","valueRequired":true,"valueName":"search_term_string"}}],"inLanguage":"en-US"},{"@type":"Organization","@id":"https:\/\/easyradiology.de\/en\/#organization","name":"easyRadiology AG","url":"https:\/\/easyradiology.de\/en\/","logo":{"@type":"ImageObject","inLanguage":"en-US","@id":"https:\/\/easyradiology.de\/en\/#\/schema\/logo\/image\/","url":"https:\/\/easyradiology.de\/wp-content\/uploads\/2025\/01\/easyradiology-logo-klein.svg","contentUrl":"https:\/\/easyradiology.de\/wp-content\/uploads\/2025\/01\/easyradiology-logo-klein.svg","width":280,"height":68,"caption":"easyRadiology AG"},"image":{"@id":"https:\/\/easyradiology.de\/en\/#\/schema\/logo\/image\/"}}]}},"_links":{"self":[{"href":"https:\/\/easyradiology.de\/en\/wp-json\/wp\/v2\/pages\/2085","targetHints":{"allow":["GET"]}}],"collection":[{"href":"https:\/\/easyradiology.de\/en\/wp-json\/wp\/v2\/pages"}],"about":[{"href":"https:\/\/easyradiology.de\/en\/wp-json\/wp\/v2\/types\/page"}],"author":[{"embeddable":true,"href":"https:\/\/easyradiology.de\/en\/wp-json\/wp\/v2\/users\/6"}],"replies":[{"embeddable":true,"href":"https:\/\/easyradiology.de\/en\/wp-json\/wp\/v2\/comments?post=2085"}],"version-history":[{"count":3,"href":"https:\/\/easyradiology.de\/en\/wp-json\/wp\/v2\/pages\/2085\/revisions"}],"predecessor-version":[{"id":2188,"href":"https:\/\/easyradiology.de\/en\/wp-json\/wp\/v2\/pages\/2085\/revisions\/2188"}],"wp:attachment":[{"href":"https:\/\/easyradiology.de\/en\/wp-json\/wp\/v2\/media?parent=2085"}],"curies":[{"name":"wp","href":"https:\/\/api.w.org\/{rel}","templated":true}]}}